{"id":1277,"date":"2022-09-15T08:49:16","date_gmt":"2022-09-15T08:49:16","guid":{"rendered":"https:\/\/www.lelli-architectes.com\/?page_id=1277"},"modified":"2022-10-26T14:09:29","modified_gmt":"2022-10-26T12:09:29","slug":"bry-sur-marne","status":"publish","type":"page","link":"https:\/\/www.lelli-architectes.com\/index.php\/equipements\/bry-sur-marne\/","title":{"rendered":"Bry-sur-Marne"},"content":{"rendered":"<div id=\"pl-1277\"  class=\"panel-layout\" ><div id=\"pg-1277-0\"  class=\"panel-grid panel-has-style\" ><div class=\"bandeau_titre panel-row-style panel-row-style-for-1277-0\" ><div id=\"pgc-1277-0-0\"  class=\"panel-grid-cell\" ><div id=\"panel-1277-0-0-0\" class=\"widget_text so-panel widget widget_custom_html panel-first-child panel-last-child\" data-index=\"0\" ><div class=\"widget_text titre-projet-c1 panel-widget-style panel-widget-style-for-1277-0-0-0\" ><div class=\"textwidget custom-html-widget\"><h1>Bry-sur-Marne | Foyer de l'enfance<\/h1><\/div><\/div><\/div><\/div><div id=\"pgc-1277-0-1\"  class=\"panel-grid-cell\" ><div id=\"panel-1277-0-1-0\" class=\"so-panel widget widget_sow-button panel-first-child panel-last-child\" data-index=\"1\" ><div\n\t\t\t\n\t\t\tclass=\"so-widget-sow-button so-widget-sow-button-flat-3462681f42ba-1277\"\n\t\t\t\n\t\t><div class=\"ow-button-base ow-button-align-left\"\n>\n\t\t\t<a\n\t\t\t\t\thref=\"https:\/\/www.lelli-architectes.com\/index.php\/equipements\/\"\n\t\t\t\t\tclass=\"sowb-button ow-icon-placement-left ow-button-hover\" \t>\n\t\t<span>\n\t\t\t<span class=\"sow-icon-fontawesome sow-far\" data-sow-icon=\"&#xf0a5;\"\n\t\tstyle=\"color: #ffffff\" \n\t\taria-hidden=\"true\"><\/span>\n\t\t\tRetour \u00e0 la liste des r\u00e9f\u00e9rences\t\t<\/span>\n\t\t\t<\/a>\n\t<\/div>\n<\/div><\/div><\/div><\/div><\/div><div id=\"pg-1277-1\"  class=\"panel-grid panel-no-style\" ><div id=\"pgc-1277-1-0\"  class=\"panel-grid-cell\" ><div id=\"panel-1277-1-0-0\" class=\"so-panel widget widget_sow-editor panel-first-child panel-last-child\" data-index=\"2\" ><div class=\"projet panel-widget-style panel-widget-style-for-1277-1-0-0\" ><div\n\t\t\t\n\t\t\tclass=\"so-widget-sow-editor so-widget-sow-editor-base\"\n\t\t\t\n\t\t>\n<div class=\"siteorigin-widget-tinymce textwidget\">\n\t<h6>R\u00c9ALIS\u00c9<\/h6>\n<\/div>\n<\/div><\/div><\/div><\/div><\/div><div id=\"pg-1277-2\"  class=\"panel-grid panel-no-style\" ><div id=\"pgc-1277-2-0\"  class=\"panel-grid-cell\" ><div id=\"panel-1277-2-0-0\" class=\"so-panel widget widget_sow-editor panel-first-child panel-last-child\" data-index=\"3\" ><div class=\"projet panel-widget-style panel-widget-style-for-1277-2-0-0\" ><div\n\t\t\t\n\t\t\tclass=\"so-widget-sow-editor so-widget-sow-editor-base\"\n\t\t\t\n\t\t>\n<div class=\"siteorigin-widget-tinymce textwidget\">\n\t<h2>MISSION :<\/h2>\n<p>MOP Base<\/p>\n<h2>MO\u00a0:<\/h2>\n<p>CD 94<\/p>\n<h2>LIEU :<\/h2>\n<p>14 avenue de Rigny<br \/>\n94 360 Bry-sur-Marne<\/p>\n<h2>SDP :<\/h2>\n<p>Construction neuve 1 525 m\u00b2<\/p>\n<h2>TRAVAUX :<\/h2>\n<p>4 350 000 \u20ac HT<\/p>\n<\/div>\n<\/div><\/div><\/div><\/div><div id=\"pgc-1277-2-1\"  class=\"panel-grid-cell\" ><div id=\"panel-1277-2-1-0\" class=\"so-panel widget widget_sow-editor panel-first-child\" data-index=\"4\" ><div\n\t\t\t\n\t\t\tclass=\"so-widget-sow-editor so-widget-sow-editor-base\"\n\t\t\t\n\t\t>\n<div class=\"siteorigin-widget-tinymce textwidget\">\n\t<p>Transformation de l\u2019ancienne gendarmerie de Bry-sur-Marne en foyer pour l\u2019enfance.<br \/>\n1 b\u00e2timent r\u00e9habilit\u00e9 et 2 b\u00e2timents neufs : zone administrative et zone d\u2019h\u00e9bergement.<br \/>\nSur\u00e9lev\u00e9s en raison des obligations PPRI.<br \/>\nCapacit\u00e9 : 3 maisonn\u00e9es de 10 enfants.<\/p>\n<\/div>\n<\/div><\/div><div id=\"panel-1277-2-1-1\" class=\"so-panel widget widget_sow-editor panel-last-child\" data-index=\"5\" ><div\n\t\t\t\n\t\t\tclass=\"so-widget-sow-editor so-widget-sow-editor-base\"\n\t\t\t\n\t\t>\n<div class=\"siteorigin-widget-tinymce textwidget\">\n\t<span class=\"rl-gallery-container rl-loading\" id=\"rl-gallery-container-1\" data-gallery_id=\"1276\"> <span class=\"rl-gallery rl-hidden-gallery rl-hidden-image \" id=\"rl-gallery-1\" data-gallery_no=\"1\"> <a href=\"https:\/\/www.lelli-architectes.com\/wp-content\/uploads\/2022\/09\/2019-05-24-242256_DSC6419.jpg\" class=\"gal rl-gallery-link\" title=\"\" data-rl_title=\"\" data-rl_caption=\"\" data-rel=\"lightbox-gallery-1\" data-magnific_type=\"gallery\"><img loading=\"lazy\" decoding=\"async\" src=\"https:\/\/www.lelli-architectes.com\/wp-content\/uploads\/2022\/09\/2019-05-24-242256_DSC6419-150x150.jpg\" width=\"150\" height=\"150\" alt=\"Lelli architectes\"\/><\/a><span class=\"rl-gallery-title\"><\/span> <a href=\"https:\/\/www.lelli-architectes.com\/wp-content\/uploads\/2022\/09\/bry-pers.jpg\" title=\"\" data-rl_title=\"\" class=\"rl-gallery-link\" data-rl_caption=\"\" data-rel=\"lightbox-gallery-1\" data-magnific_type=\"gallery\" style=\"display: none;\"><img loading=\"lazy\" decoding=\"async\" src=\"https:\/\/www.lelli-architectes.com\/wp-content\/uploads\/2022\/09\/bry-pers-150x150.jpg\" width=\"150\" height=\"150\" alt=\"Lelli architectes\"\/><\/a><a href=\"https:\/\/www.lelli-architectes.com\/wp-content\/uploads\/2022\/09\/2019-05-24-242204_DSC6367.jpg\" title=\"\" data-rl_title=\"\" class=\"rl-gallery-link\" data-rl_caption=\"\" data-rel=\"lightbox-gallery-1\" data-magnific_type=\"gallery\" style=\"display: none;\"><img loading=\"lazy\" decoding=\"async\" src=\"https:\/\/www.lelli-architectes.com\/wp-content\/uploads\/2022\/09\/2019-05-24-242204_DSC6367-150x150.jpg\" width=\"150\" height=\"150\" alt=\"Lelli architectes\"\/><\/a><a href=\"https:\/\/www.lelli-architectes.com\/wp-content\/uploads\/2022\/09\/2019-05-24-242311_DSC9761.jpg\" title=\"\" data-rl_title=\"\" class=\"rl-gallery-link\" data-rl_caption=\"\" data-rel=\"lightbox-gallery-1\" data-magnific_type=\"gallery\" style=\"display: none;\"><img loading=\"lazy\" decoding=\"async\" src=\"https:\/\/www.lelli-architectes.com\/wp-content\/uploads\/2022\/09\/2019-05-24-242311_DSC9761-150x150.jpg\" width=\"150\" height=\"150\" alt=\"Lelli architectes\"\/><\/a><a href=\"https:\/\/www.lelli-architectes.com\/wp-content\/uploads\/2022\/09\/2019-05-24-242297_DSC9747.jpg\" title=\"\" data-rl_title=\"\" class=\"rl-gallery-link\" data-rl_caption=\"\" data-rel=\"lightbox-gallery-1\" data-magnific_type=\"gallery\" style=\"display: none;\"><img loading=\"lazy\" decoding=\"async\" src=\"https:\/\/www.lelli-architectes.com\/wp-content\/uploads\/2022\/09\/2019-05-24-242297_DSC9747-150x150.jpg\" width=\"150\" height=\"150\" alt=\"Lelli architectes\"\/><\/a><a href=\"https:\/\/www.lelli-architectes.com\/wp-content\/uploads\/2022\/09\/2019-05-24-242163_DSC6326.jpg\" title=\"\" data-rl_title=\"\" class=\"rl-gallery-link\" data-rl_caption=\"\" data-rel=\"lightbox-gallery-1\" data-magnific_type=\"gallery\" style=\"display: none;\"><img loading=\"lazy\" decoding=\"async\" src=\"https:\/\/www.lelli-architectes.com\/wp-content\/uploads\/2022\/09\/2019-05-24-242163_DSC6326-150x150.jpg\" width=\"150\" height=\"150\" alt=\"Lelli architectes\"\/><\/a><a href=\"https:\/\/www.lelli-architectes.com\/wp-content\/uploads\/2022\/09\/2019-05-21-241000_DSC7021.jpg\" title=\"\" data-rl_title=\"\" class=\"rl-gallery-link\" data-rl_caption=\"\" data-rel=\"lightbox-gallery-1\" data-magnific_type=\"gallery\" style=\"display: none;\"><img loading=\"lazy\" decoding=\"async\" src=\"https:\/\/www.lelli-architectes.com\/wp-content\/uploads\/2022\/09\/2019-05-21-241000_DSC7021-150x150.jpg\" width=\"150\" height=\"150\" alt=\"Lelli architectes\"\/><\/a><a href=\"https:\/\/www.lelli-architectes.com\/wp-content\/uploads\/2022\/09\/2019-05-21-240983_DSC7004.jpg\" title=\"\" data-rl_title=\"\" class=\"rl-gallery-link\" data-rl_caption=\"\" data-rel=\"lightbox-gallery-1\" data-magnific_type=\"gallery\" style=\"display: none;\"><img loading=\"lazy\" decoding=\"async\" src=\"https:\/\/www.lelli-architectes.com\/wp-content\/uploads\/2022\/09\/2019-05-21-240983_DSC7004-150x150.jpg\" width=\"150\" height=\"150\" alt=\"Lelli architectes\"\/><\/a><a href=\"https:\/\/www.lelli-architectes.com\/wp-content\/uploads\/2022\/09\/2019-05-21-240968_DSC6989.jpg\" title=\"\" data-rl_title=\"\" class=\"rl-gallery-link\" data-rl_caption=\"\" data-rel=\"lightbox-gallery-1\" data-magnific_type=\"gallery\" style=\"display: none;\"><img loading=\"lazy\" decoding=\"async\" src=\"https:\/\/www.lelli-architectes.com\/wp-content\/uploads\/2022\/09\/2019-05-21-240968_DSC6989-150x150.jpg\" width=\"150\" height=\"150\" alt=\"Lelli architectes\"\/><\/a><a href=\"https:\/\/www.lelli-architectes.com\/wp-content\/uploads\/2022\/09\/2019-05-21-241133_DSC2901.jpg\" title=\"\" data-rl_title=\"\" class=\"rl-gallery-link\" data-rl_caption=\"\" data-rel=\"lightbox-gallery-1\" data-magnific_type=\"gallery\" style=\"display: none;\"><img loading=\"lazy\" decoding=\"async\" src=\"https:\/\/www.lelli-architectes.com\/wp-content\/uploads\/2022\/09\/2019-05-21-241133_DSC2901-150x150.jpg\" width=\"150\" height=\"150\" alt=\"Lelli architectes\"\/><\/a><a href=\"https:\/\/www.lelli-architectes.com\/wp-content\/uploads\/2022\/09\/2019-05-21-240973_DSC6994.jpg\" title=\"\" data-rl_title=\"\" class=\"rl-gallery-link\" data-rl_caption=\"\" data-rel=\"lightbox-gallery-1\" data-magnific_type=\"gallery\" style=\"display: none;\"><img loading=\"lazy\" decoding=\"async\" src=\"https:\/\/www.lelli-architectes.com\/wp-content\/uploads\/2022\/09\/2019-05-21-240973_DSC6994-150x150.jpg\" width=\"150\" height=\"150\" alt=\"Lelli architectes\"\/><\/a><a href=\"https:\/\/www.lelli-architectes.com\/wp-content\/uploads\/2022\/09\/2019-05-21-240980_DSC7001.jpg\" title=\"\" data-rl_title=\"\" class=\"rl-gallery-link\" data-rl_caption=\"\" data-rel=\"lightbox-gallery-1\" data-magnific_type=\"gallery\" style=\"display: none;\"><img loading=\"lazy\" decoding=\"async\" src=\"https:\/\/www.lelli-architectes.com\/wp-content\/uploads\/2022\/09\/2019-05-21-240980_DSC7001-150x150.jpg\" width=\"150\" height=\"150\" alt=\"Lelli architectes\"\/><\/a><a href=\"https:\/\/www.lelli-architectes.com\/wp-content\/uploads\/2022\/09\/2019-05-21-240985_DSC7006.jpg\" title=\"\" data-rl_title=\"\" class=\"rl-gallery-link\" data-rl_caption=\"\" data-rel=\"lightbox-gallery-1\" data-magnific_type=\"gallery\" style=\"display: none;\"><img loading=\"lazy\" decoding=\"async\" src=\"https:\/\/www.lelli-architectes.com\/wp-content\/uploads\/2022\/09\/2019-05-21-240985_DSC7006-150x150.jpg\" width=\"150\" height=\"150\" alt=\"Lelli architectes\"\/><\/a><a href=\"https:\/\/www.lelli-architectes.com\/wp-content\/uploads\/2022\/09\/2019-05-24-242307_DSC9757.jpg\" title=\"\" data-rl_title=\"\" class=\"rl-gallery-link\" data-rl_caption=\"\" data-rel=\"lightbox-gallery-1\" data-magnific_type=\"gallery\" style=\"display: none;\"><img loading=\"lazy\" decoding=\"async\" src=\"https:\/\/www.lelli-architectes.com\/wp-content\/uploads\/2022\/09\/2019-05-24-242307_DSC9757-150x150.jpg\" width=\"150\" height=\"150\" alt=\"Lelli architectes\"\/><\/a><a href=\"https:\/\/www.lelli-architectes.com\/wp-content\/uploads\/2022\/09\/2019-05-24-242318_DSC9768.jpg\" title=\"\" data-rl_title=\"\" class=\"rl-gallery-link\" data-rl_caption=\"\" data-rel=\"lightbox-gallery-1\" data-magnific_type=\"gallery\" style=\"display: none;\"><img loading=\"lazy\" decoding=\"async\" src=\"https:\/\/www.lelli-architectes.com\/wp-content\/uploads\/2022\/09\/2019-05-24-242318_DSC9768-150x150.jpg\" width=\"150\" height=\"150\" alt=\"Lelli architectes\"\/><\/a><a href=\"https:\/\/www.lelli-architectes.com\/wp-content\/uploads\/2022\/09\/2019-05-21-240839_DSC6860.jpg\" title=\"\" data-rl_title=\"\" class=\"rl-gallery-link\" data-rl_caption=\"\" data-rel=\"lightbox-gallery-1\" data-magnific_type=\"gallery\" style=\"display: none;\"><img loading=\"lazy\" decoding=\"async\" src=\"https:\/\/www.lelli-architectes.com\/wp-content\/uploads\/2022\/09\/2019-05-21-240839_DSC6860-150x150.jpg\" width=\"150\" height=\"150\" alt=\"Lelli architectes\"\/><\/a><a href=\"https:\/\/www.lelli-architectes.com\/wp-content\/uploads\/2022\/09\/2019-05-21-240842_DSC6863.jpg\" title=\"\" data-rl_title=\"\" class=\"rl-gallery-link\" data-rl_caption=\"\" data-rel=\"lightbox-gallery-1\" data-magnific_type=\"gallery\" style=\"display: none;\"><img loading=\"lazy\" decoding=\"async\" src=\"https:\/\/www.lelli-architectes.com\/wp-content\/uploads\/2022\/09\/2019-05-21-240842_DSC6863-150x150.jpg\" width=\"150\" height=\"150\" alt=\"Lelli architectes\"\/><\/a><a href=\"https:\/\/www.lelli-architectes.com\/wp-content\/uploads\/2022\/09\/2019-05-21-240907_DSC6928.jpg\" title=\"\" data-rl_title=\"\" class=\"rl-gallery-link\" data-rl_caption=\"\" data-rel=\"lightbox-gallery-1\" data-magnific_type=\"gallery\" style=\"display: none;\"><img loading=\"lazy\" decoding=\"async\" src=\"https:\/\/www.lelli-architectes.com\/wp-content\/uploads\/2022\/09\/2019-05-21-240907_DSC6928-150x150.jpg\" width=\"150\" height=\"150\" alt=\"Lelli architectes\"\/><\/a><a href=\"https:\/\/www.lelli-architectes.com\/wp-content\/uploads\/2022\/09\/2019-05-21-240920_DSC6941.jpg\" title=\"\" data-rl_title=\"\" class=\"rl-gallery-link\" data-rl_caption=\"\" data-rel=\"lightbox-gallery-1\" data-magnific_type=\"gallery\" style=\"display: none;\"><img loading=\"lazy\" decoding=\"async\" src=\"https:\/\/www.lelli-architectes.com\/wp-content\/uploads\/2022\/09\/2019-05-21-240920_DSC6941-150x150.jpg\" width=\"150\" height=\"150\" alt=\"Lelli architectes\"\/><\/a><a href=\"https:\/\/www.lelli-architectes.com\/wp-content\/uploads\/2022\/09\/2019-05-21-240856_DSC6877.jpg\" title=\"\" data-rl_title=\"\" class=\"rl-gallery-link\" data-rl_caption=\"\" data-rel=\"lightbox-gallery-1\" data-magnific_type=\"gallery\" style=\"display: none;\"><img loading=\"lazy\" decoding=\"async\" src=\"https:\/\/www.lelli-architectes.com\/wp-content\/uploads\/2022\/09\/2019-05-21-240856_DSC6877-150x150.jpg\" width=\"150\" height=\"150\" alt=\"Lelli architectes\"\/><\/a><a href=\"https:\/\/www.lelli-architectes.com\/wp-content\/uploads\/2022\/09\/2019-05-21-240850_DSC6871.jpg\" title=\"\" data-rl_title=\"\" class=\"rl-gallery-link\" data-rl_caption=\"\" data-rel=\"lightbox-gallery-1\" data-magnific_type=\"gallery\" style=\"display: none;\"><img loading=\"lazy\" decoding=\"async\" src=\"https:\/\/www.lelli-architectes.com\/wp-content\/uploads\/2022\/09\/2019-05-21-240850_DSC6871-150x150.jpg\" width=\"150\" height=\"150\" alt=\"Lelli architectes\"\/><\/a><a href=\"https:\/\/www.lelli-architectes.com\/wp-content\/uploads\/2022\/09\/2019-05-21-241105_DSC2873.jpg\" title=\"\" data-rl_title=\"\" class=\"rl-gallery-link\" data-rl_caption=\"\" data-rel=\"lightbox-gallery-1\" data-magnific_type=\"gallery\" style=\"display: none;\"><img loading=\"lazy\" decoding=\"async\" src=\"https:\/\/www.lelli-architectes.com\/wp-content\/uploads\/2022\/09\/2019-05-21-241105_DSC2873-150x150.jpg\" width=\"150\" height=\"150\" alt=\"Lelli architectes\"\/><\/a><a href=\"https:\/\/www.lelli-architectes.com\/wp-content\/uploads\/2022\/09\/2019-05-21-240922_DSC6943.jpg\" title=\"\" data-rl_title=\"\" class=\"rl-gallery-link\" data-rl_caption=\"\" data-rel=\"lightbox-gallery-1\" data-magnific_type=\"gallery\" style=\"display: none;\"><img loading=\"lazy\" decoding=\"async\" src=\"https:\/\/www.lelli-architectes.com\/wp-content\/uploads\/2022\/09\/2019-05-21-240922_DSC6943-150x150.jpg\" width=\"150\" height=\"150\" alt=\"Lelli architectes\"\/><\/a> <\/span> <\/span>\n<\/div>\n<\/div><\/div><\/div><\/div><div id=\"pg-1277-3\"  class=\"panel-grid panel-no-style\" ><div id=\"pgc-1277-3-0\"  class=\"panel-grid-cell panel-grid-cell-empty\" ><\/div><\/div><\/div>","protected":false},"excerpt":{"rendered":"<p>R\u00c9ALIS\u00c9<\/p>\n","protected":false},"author":1,"featured_media":1283,"parent":775,"menu_order":9,"comment_status":"closed","ping_status":"closed","template":"","meta":{"footnotes":""},"class_list":["post-1277","page","type-page","status-publish","has-post-thumbnail","hentry","post"],"_links":{"self":[{"href":"https:\/\/www.lelli-architectes.com\/index.php\/wp-json\/wp\/v2\/pages\/1277","targetHints":{"allow":["GET"]}}],"collection":[{"href":"https:\/\/www.lelli-architectes.com\/index.php\/wp-json\/wp\/v2\/pages"}],"about":[{"href":"https:\/\/www.lelli-architectes.com\/index.php\/wp-json\/wp\/v2\/types\/page"}],"author":[{"embeddable":true,"href":"https:\/\/www.lelli-architectes.com\/index.php\/wp-json\/wp\/v2\/users\/1"}],"replies":[{"embeddable":true,"href":"https:\/\/www.lelli-architectes.com\/index.php\/wp-json\/wp\/v2\/comments?post=1277"}],"version-history":[{"count":27,"href":"https:\/\/www.lelli-architectes.com\/index.php\/wp-json\/wp\/v2\/pages\/1277\/revisions"}],"predecessor-version":[{"id":3056,"href":"https:\/\/www.lelli-architectes.com\/index.php\/wp-json\/wp\/v2\/pages\/1277\/revisions\/3056"}],"up":[{"embeddable":true,"href":"https:\/\/www.lelli-architectes.com\/index.php\/wp-json\/wp\/v2\/pages\/775"}],"wp:featuredmedia":[{"embeddable":true,"href":"https:\/\/www.lelli-architectes.com\/index.php\/wp-json\/wp\/v2\/media\/1283"}],"wp:attachment":[{"href":"https:\/\/www.lelli-architectes.com\/index.php\/wp-json\/wp\/v2\/media?parent=1277"}],"curies":[{"name":"wp","href":"https:\/\/api.w.org\/{rel}","templated":true}]}}