{"id":1342,"date":"2022-09-16T10:30:08","date_gmt":"2022-09-16T08:30:08","guid":{"rendered":"https:\/\/www.lelli-architectes.com\/?page_id=1342"},"modified":"2022-10-26T14:20:01","modified_gmt":"2022-10-26T12:20:01","slug":"bobigny-broucxau","status":"publish","type":"page","link":"https:\/\/www.lelli-architectes.com\/index.php\/logements\/bobigny-broucxau\/","title":{"rendered":"Bobigny-Broucxau"},"content":{"rendered":"<div id=\"pl-1342\"  class=\"panel-layout\" ><div id=\"pg-1342-0\"  class=\"panel-grid panel-has-style\" ><div class=\"bandeau_titre panel-row-style panel-row-style-for-1342-0\" ><div id=\"pgc-1342-0-0\"  class=\"panel-grid-cell\" ><div id=\"panel-1342-0-0-0\" class=\"widget_text so-panel widget widget_custom_html panel-first-child panel-last-child\" data-index=\"0\" ><div class=\"widget_text titre-projet-c1 panel-widget-style panel-widget-style-for-1342-0-0-0\" ><div class=\"textwidget custom-html-widget\"><h1>Bobigny | 85 logements HQE<\/h1><\/div><\/div><\/div><\/div><div id=\"pgc-1342-0-1\"  class=\"panel-grid-cell\" ><div id=\"panel-1342-0-1-0\" class=\"so-panel widget widget_sow-button panel-first-child panel-last-child\" data-index=\"1\" ><div\n\t\t\t\n\t\t\tclass=\"so-widget-sow-button so-widget-sow-button-flat-3462681f42ba-1342\"\n\t\t\t\n\t\t><div class=\"ow-button-base ow-button-align-left\"\n>\n\t\t\t<a\n\t\t\t\t\thref=\"https:\/\/www.lelli-architectes.com\/index.php\/logements\/\"\n\t\t\t\t\tclass=\"sowb-button ow-icon-placement-left ow-button-hover\" \t>\n\t\t<span>\n\t\t\t<span class=\"sow-icon-fontawesome sow-far\" data-sow-icon=\"&#xf0a5;\"\n\t\tstyle=\"color: #ffffff\" \n\t\taria-hidden=\"true\"><\/span>\n\t\t\tRetour \u00e0 la liste des r\u00e9f\u00e9rences\t\t<\/span>\n\t\t\t<\/a>\n\t<\/div>\n<\/div><\/div><\/div><\/div><\/div><div id=\"pg-1342-1\"  class=\"panel-grid panel-no-style\" ><div id=\"pgc-1342-1-0\"  class=\"panel-grid-cell\" ><div id=\"panel-1342-1-0-0\" class=\"so-panel widget widget_sow-editor panel-first-child panel-last-child\" data-index=\"2\" ><div class=\"projet panel-widget-style panel-widget-style-for-1342-1-0-0\" ><div\n\t\t\t\n\t\t\tclass=\"so-widget-sow-editor so-widget-sow-editor-base\"\n\t\t\t\n\t\t>\n<div class=\"siteorigin-widget-tinymce textwidget\">\n\t<h6>CONCOURS<\/h6>\n<\/div>\n<\/div><\/div><\/div><\/div><\/div><div id=\"pg-1342-2\"  class=\"panel-grid panel-no-style\" ><div id=\"pgc-1342-2-0\"  class=\"panel-grid-cell\" ><div id=\"panel-1342-2-0-0\" class=\"so-panel widget widget_sow-editor panel-first-child panel-last-child\" data-index=\"3\" ><div class=\"projet panel-widget-style panel-widget-style-for-1342-2-0-0\" ><div\n\t\t\t\n\t\t\tclass=\"so-widget-sow-editor so-widget-sow-editor-base\"\n\t\t\t\n\t\t>\n<div class=\"siteorigin-widget-tinymce textwidget\">\n\t<h2>MISSION :<\/h2>\n<p>APS<\/p>\n<h2>MO\u00a0:<\/h2>\n<p>OPHLM Bobigny<\/p>\n<h2>LIEU :<\/h2>\n<p>Rue Broucxau<br \/>\n93 000 Bobigny<\/p>\n<h2>SDP :<\/h2>\n<p>2 900 m\u00b2<\/p>\n<\/div>\n<\/div><\/div><\/div><\/div><div id=\"pgc-1342-2-1\"  class=\"panel-grid-cell\" ><div id=\"panel-1342-2-1-0\" class=\"so-panel widget widget_sow-editor panel-first-child\" data-index=\"4\" ><div\n\t\t\t\n\t\t\tclass=\"so-widget-sow-editor so-widget-sow-editor-base\"\n\t\t\t\n\t\t>\n<div class=\"siteorigin-widget-tinymce textwidget\">\n\t<p>B\u00e2timent HQE, isolation par l'ext\u00e9rieur.<br \/>\n31 parkings en sous-sol.<br \/>\n2 b\u00e2timents s\u00e9par\u00e9s, d'esprit diff\u00e9rents.<\/p>\n<\/div>\n<\/div><\/div><div id=\"panel-1342-2-1-1\" class=\"widget_text so-panel widget widget_custom_html panel-last-child\" data-index=\"5\" ><div class=\"textwidget custom-html-widget\"><span class=\"rl-gallery-container rl-loading\" id=\"rl-gallery-container-1\" data-gallery_id=\"1336\"> <span class=\"rl-gallery rl-hidden-gallery rl-hidden-image \" id=\"rl-gallery-1\" data-gallery_no=\"1\"> <a href=\"https:\/\/www.lelli-architectes.com\/wp-content\/uploads\/2022\/09\/bobigny-broucxau-PERS-1.jpg\" class=\"gal rl-gallery-link\" title=\"\" data-rl_title=\"\" data-rl_caption=\"\" data-rel=\"lightbox-gallery-1\" data-magnific_type=\"gallery\"><img loading=\"lazy\" decoding=\"async\" src=\"https:\/\/www.lelli-architectes.com\/wp-content\/uploads\/2022\/09\/bobigny-broucxau-PERS-1-150x150.jpg\" width=\"150\" height=\"150\" alt=\"Lelli architectes\"\/><\/a><span class=\"rl-gallery-title\"><\/span> <a href=\"https:\/\/www.lelli-architectes.com\/wp-content\/uploads\/2022\/09\/bobigny-broucxau-Model.jpg\" title=\"\" data-rl_title=\"\" class=\"rl-gallery-link\" data-rl_caption=\"\" data-rel=\"lightbox-gallery-1\" data-magnific_type=\"gallery\" style=\"display: none;\"><img loading=\"lazy\" decoding=\"async\" src=\"https:\/\/www.lelli-architectes.com\/wp-content\/uploads\/2022\/09\/bobigny-broucxau-Model-150x150.jpg\" width=\"150\" height=\"150\" alt=\"Lelli architectes\"\/><\/a><a href=\"https:\/\/www.lelli-architectes.com\/wp-content\/uploads\/2022\/09\/bobigny-broucxau-page_2.jpg\" title=\"\" data-rl_title=\"\" class=\"rl-gallery-link\" data-rl_caption=\"\" data-rel=\"lightbox-gallery-1\" data-magnific_type=\"gallery\" style=\"display: none;\"><img loading=\"lazy\" decoding=\"async\" src=\"https:\/\/www.lelli-architectes.com\/wp-content\/uploads\/2022\/09\/bobigny-broucxau-page_2-150x150.jpg\" width=\"150\" height=\"150\" alt=\"Lelli architectes\"\/><\/a><a href=\"https:\/\/www.lelli-architectes.com\/wp-content\/uploads\/2022\/09\/bobigny-broucxau-facade.jpg\" title=\"\" data-rl_title=\"\" class=\"rl-gallery-link\" data-rl_caption=\"\" data-rel=\"lightbox-gallery-1\" data-magnific_type=\"gallery\" style=\"display: none;\"><img loading=\"lazy\" decoding=\"async\" src=\"https:\/\/www.lelli-architectes.com\/wp-content\/uploads\/2022\/09\/bobigny-broucxau-facade-150x150.jpg\" width=\"150\" height=\"150\" alt=\"Lelli architectes\"\/><\/a> <\/span> <\/span><\/div><\/div><\/div><\/div><div id=\"pg-1342-3\"  class=\"panel-grid panel-no-style\" ><div id=\"pgc-1342-3-0\"  class=\"panel-grid-cell panel-grid-cell-empty\" ><\/div><\/div><\/div>","protected":false},"excerpt":{"rendered":"<p>CONCOURS<\/p>\n","protected":false},"author":1,"featured_media":1337,"parent":815,"menu_order":12,"comment_status":"closed","ping_status":"closed","template":"","meta":{"footnotes":""},"class_list":["post-1342","page","type-page","status-publish","has-post-thumbnail","hentry","post"],"_links":{"self":[{"href":"https:\/\/www.lelli-architectes.com\/index.php\/wp-json\/wp\/v2\/pages\/1342","targetHints":{"allow":["GET"]}}],"collection":[{"href":"https:\/\/www.lelli-architectes.com\/index.php\/wp-json\/wp\/v2\/pages"}],"about":[{"href":"https:\/\/www.lelli-architectes.com\/index.php\/wp-json\/wp\/v2\/types\/page"}],"author":[{"embeddable":true,"href":"https:\/\/www.lelli-architectes.com\/index.php\/wp-json\/wp\/v2\/users\/1"}],"replies":[{"embeddable":true,"href":"https:\/\/www.lelli-architectes.com\/index.php\/wp-json\/wp\/v2\/comments?post=1342"}],"version-history":[{"count":13,"href":"https:\/\/www.lelli-architectes.com\/index.php\/wp-json\/wp\/v2\/pages\/1342\/revisions"}],"predecessor-version":[{"id":3102,"href":"https:\/\/www.lelli-architectes.com\/index.php\/wp-json\/wp\/v2\/pages\/1342\/revisions\/3102"}],"up":[{"embeddable":true,"href":"https:\/\/www.lelli-architectes.com\/index.php\/wp-json\/wp\/v2\/pages\/815"}],"wp:featuredmedia":[{"embeddable":true,"href":"https:\/\/www.lelli-architectes.com\/index.php\/wp-json\/wp\/v2\/media\/1337"}],"wp:attachment":[{"href":"https:\/\/www.lelli-architectes.com\/index.php\/wp-json\/wp\/v2\/media?parent=1342"}],"curies":[{"name":"wp","href":"https:\/\/api.w.org\/{rel}","templated":true}]}}