{"id":1837,"date":"2022-10-07T09:17:54","date_gmt":"2022-10-07T07:17:54","guid":{"rendered":"https:\/\/www.lelli-architectes.com\/?page_id=1837"},"modified":"2022-10-26T14:08:32","modified_gmt":"2022-10-26T12:08:32","slug":"champigny-sur-marne","status":"publish","type":"page","link":"https:\/\/www.lelli-architectes.com\/index.php\/equipements\/champigny-sur-marne\/","title":{"rendered":"Champigny-sur-Marne"},"content":{"rendered":"<div id=\"pl-1837\"  class=\"panel-layout\" ><div id=\"pg-1837-0\"  class=\"panel-grid panel-has-style\" ><div class=\"bandeau_titre panel-row-style panel-row-style-for-1837-0\" ><div id=\"pgc-1837-0-0\"  class=\"panel-grid-cell\" ><div id=\"panel-1837-0-0-0\" class=\"widget_text so-panel widget widget_custom_html panel-first-child panel-last-child\" data-index=\"0\" ><div class=\"widget_text titre-projet-c1 panel-widget-style panel-widget-style-for-1837-0-0-0\" ><div class=\"textwidget custom-html-widget\"><h1>Champigny-sur-Marne | Mus\u00e9e de la R\u00e9sistance Nationale<\/h1><\/div><\/div><\/div><\/div><div id=\"pgc-1837-0-1\"  class=\"panel-grid-cell\" ><div id=\"panel-1837-0-1-0\" class=\"so-panel widget widget_sow-button panel-first-child panel-last-child\" data-index=\"1\" ><div\n\t\t\t\n\t\t\tclass=\"so-widget-sow-button so-widget-sow-button-flat-3462681f42ba-1837\"\n\t\t\t\n\t\t><div class=\"ow-button-base ow-button-align-left\"\n>\n\t\t\t<a\n\t\t\t\t\thref=\"https:\/\/www.lelli-architectes.com\/index.php\/equipements\/\"\n\t\t\t\t\tclass=\"sowb-button ow-icon-placement-left ow-button-hover\" \t>\n\t\t<span>\n\t\t\t<span class=\"sow-icon-fontawesome sow-far\" data-sow-icon=\"&#xf0a5;\"\n\t\tstyle=\"color: #ffffff\" \n\t\taria-hidden=\"true\"><\/span>\n\t\t\tRetour \u00e0 la liste des r\u00e9f\u00e9rences\t\t<\/span>\n\t\t\t<\/a>\n\t<\/div>\n<\/div><\/div><\/div><\/div><\/div><div id=\"pg-1837-1\"  class=\"panel-grid panel-no-style\" ><div id=\"pgc-1837-1-0\"  class=\"panel-grid-cell\" ><div id=\"panel-1837-1-0-0\" class=\"so-panel widget widget_sow-editor panel-first-child panel-last-child\" data-index=\"2\" ><div class=\"projet panel-widget-style panel-widget-style-for-1837-1-0-0\" ><div\n\t\t\t\n\t\t\tclass=\"so-widget-sow-editor so-widget-sow-editor-base\"\n\t\t\t\n\t\t>\n<div class=\"siteorigin-widget-tinymce textwidget\">\n\t<h6>R\u00c9ALIS\u00c9<\/h6>\n<\/div>\n<\/div><\/div><\/div><\/div><\/div><div id=\"pg-1837-2\"  class=\"panel-grid panel-no-style\" ><div id=\"pgc-1837-2-0\"  class=\"panel-grid-cell\" ><div id=\"panel-1837-2-0-0\" class=\"so-panel widget widget_sow-editor panel-first-child panel-last-child\" data-index=\"3\" ><div class=\"projet panel-widget-style panel-widget-style-for-1837-2-0-0\" ><div\n\t\t\t\n\t\t\tclass=\"so-widget-sow-editor so-widget-sow-editor-base\"\n\t\t\t\n\t\t>\n<div class=\"siteorigin-widget-tinymce textwidget\">\n\t<h2>MISSION :<\/h2>\n<p>MOP Base + HQE + Mobilier + Paysage<\/p>\n<h2>MO\u00a0:<\/h2>\n<p>CD 94<\/p>\n<h2>LIEU :<\/h2>\n<p>40 quai Victor-Hugo<br \/>\n94 360 Champigny-sur-Marne<\/p>\n<h2>SDP :<\/h2>\n<p>2 250 m\u00b2<\/p>\n<h2>TRAVAUX :<\/h2>\n<p>Construction d'origine : 6 500 000 \u20ac HT<br \/>\nTransformation en mus\u00e9e : 1 200 000 \u20ac HT<\/p>\n<\/div>\n<\/div><\/div><\/div><\/div><div id=\"pgc-1837-2-1\"  class=\"panel-grid-cell\" ><div id=\"panel-1837-2-1-0\" class=\"so-panel widget widget_sow-editor panel-first-child\" data-index=\"4\" ><div\n\t\t\t\n\t\t\tclass=\"so-widget-sow-editor so-widget-sow-editor-base\"\n\t\t\t\n\t\t>\n<div class=\"siteorigin-widget-tinymce textwidget\">\n\t<p>Le b\u00e2timent d'origine est une m\u00e9diath\u00e8que.<br \/>\nIl lib\u00e8re le sol, zone insondable, gr\u00e2ce au porte-\u00e0-faux, le plus grand en France (16,5m).<br \/>\nCertification HQE.<br \/>\nSol en granito d'\u00e9clats de verre et de nacre.<br \/>\n1% par Wladimir Skoda.<br \/>\nIl est transform\u00e9 en Mus\u00e9e de la R\u00e9sistance Nationale, car sa structure le permet.<\/p>\n<\/div>\n<\/div><\/div><div id=\"panel-1837-2-1-1\" class=\"so-panel widget widget_sow-editor panel-last-child\" data-index=\"5\" ><div class=\"pano panel-widget-style panel-widget-style-for-1837-2-1-1\" ><div\n\t\t\t\n\t\t\tclass=\"so-widget-sow-editor so-widget-sow-editor-base\"\n\t\t\t\n\t\t>\n<div class=\"siteorigin-widget-tinymce textwidget\">\n\t<p><span class=\"rl-gallery-container rl-loading\" id=\"rl-gallery-container-1\" data-gallery_id=\"1835\"> <span class=\"rl-gallery rl-hidden-gallery rl-hidden-image \" id=\"rl-gallery-1\" data-gallery_no=\"1\"> <a href=\"https:\/\/www.lelli-architectes.com\/wp-content\/uploads\/2022\/10\/CDDP-12.jpg\" class=\"gal rl-gallery-link\" title=\"\" data-rl_title=\"\" data-rl_caption=\"\" data-rel=\"lightbox-gallery-1\" data-magnific_type=\"gallery\"><img loading=\"lazy\" decoding=\"async\" src=\"https:\/\/www.lelli-architectes.com\/wp-content\/uploads\/2022\/10\/CDDP-12-150x150.jpg\" width=\"150\" height=\"150\" alt=\"Lelli architectes\"\/><\/a><span class=\"rl-gallery-title\"><\/span> <a href=\"https:\/\/www.lelli-architectes.com\/wp-content\/uploads\/2022\/10\/CDDP-01.jpg\" title=\"\" data-rl_title=\"\" class=\"rl-gallery-link\" data-rl_caption=\"\" data-rel=\"lightbox-gallery-1\" data-magnific_type=\"gallery\" style=\"display: none;\"><img loading=\"lazy\" decoding=\"async\" src=\"https:\/\/www.lelli-architectes.com\/wp-content\/uploads\/2022\/10\/CDDP-01-150x150.jpg\" width=\"150\" height=\"150\" alt=\"Lelli architectes\"\/><\/a><a href=\"https:\/\/www.lelli-architectes.com\/wp-content\/uploads\/2022\/10\/cddp-001.jpg\" title=\"\" data-rl_title=\"\" class=\"rl-gallery-link\" data-rl_caption=\"\" data-rel=\"lightbox-gallery-1\" data-magnific_type=\"gallery\" style=\"display: none;\"><img loading=\"lazy\" decoding=\"async\" src=\"https:\/\/www.lelli-architectes.com\/wp-content\/uploads\/2022\/10\/cddp-001-150x150.jpg\" width=\"150\" height=\"150\" alt=\"Lelli architectes\"\/><\/a><a href=\"https:\/\/www.lelli-architectes.com\/wp-content\/uploads\/2022\/10\/CDDP-02a.jpg\" title=\"\" data-rl_title=\"\" class=\"rl-gallery-link\" data-rl_caption=\"\" data-rel=\"lightbox-gallery-1\" data-magnific_type=\"gallery\" style=\"display: none;\"><img loading=\"lazy\" decoding=\"async\" src=\"https:\/\/www.lelli-architectes.com\/wp-content\/uploads\/2022\/10\/CDDP-02a-150x150.jpg\" width=\"150\" height=\"150\" alt=\"Lelli architectes\"\/><\/a><a href=\"https:\/\/www.lelli-architectes.com\/wp-content\/uploads\/2022\/10\/DSC1084.jpg\" title=\"\" data-rl_title=\"\" class=\"rl-gallery-link\" data-rl_caption=\"\" data-rel=\"lightbox-gallery-1\" data-magnific_type=\"gallery\" style=\"display: none;\"><img loading=\"lazy\" decoding=\"async\" src=\"https:\/\/www.lelli-architectes.com\/wp-content\/uploads\/2022\/10\/DSC1084-150x150.jpg\" width=\"150\" height=\"150\" alt=\"Lelli architectes\"\/><\/a><a href=\"https:\/\/www.lelli-architectes.com\/wp-content\/uploads\/2022\/10\/CDDP-02b.jpg\" title=\"\" data-rl_title=\"\" class=\"rl-gallery-link\" data-rl_caption=\"\" data-rel=\"lightbox-gallery-1\" data-magnific_type=\"gallery\" style=\"display: none;\"><img loading=\"lazy\" decoding=\"async\" src=\"https:\/\/www.lelli-architectes.com\/wp-content\/uploads\/2022\/10\/CDDP-02b-150x150.jpg\" width=\"150\" height=\"150\" alt=\"Lelli architectes\"\/><\/a><a href=\"https:\/\/www.lelli-architectes.com\/wp-content\/uploads\/2022\/10\/DSC1384.jpg\" title=\"\" data-rl_title=\"\" class=\"rl-gallery-link\" data-rl_caption=\"\" data-rel=\"lightbox-gallery-1\" data-magnific_type=\"gallery\" style=\"display: none;\"><img loading=\"lazy\" decoding=\"async\" src=\"https:\/\/www.lelli-architectes.com\/wp-content\/uploads\/2022\/10\/DSC1384-150x150.jpg\" width=\"150\" height=\"150\" alt=\"Lelli architectes\"\/><\/a><a href=\"https:\/\/www.lelli-architectes.com\/wp-content\/uploads\/2022\/10\/DSC7955.jpg\" title=\"\" data-rl_title=\"\" class=\"rl-gallery-link\" data-rl_caption=\"\" data-rel=\"lightbox-gallery-1\" data-magnific_type=\"gallery\" style=\"display: none;\"><img loading=\"lazy\" decoding=\"async\" src=\"https:\/\/www.lelli-architectes.com\/wp-content\/uploads\/2022\/10\/DSC7955-150x150.jpg\" width=\"150\" height=\"150\" alt=\"Lelli architectes\"\/><\/a><a href=\"https:\/\/www.lelli-architectes.com\/wp-content\/uploads\/2022\/10\/DSC1406.jpg\" title=\"\" data-rl_title=\"\" class=\"rl-gallery-link\" data-rl_caption=\"\" data-rel=\"lightbox-gallery-1\" data-magnific_type=\"gallery\" style=\"display: none;\"><img loading=\"lazy\" decoding=\"async\" src=\"https:\/\/www.lelli-architectes.com\/wp-content\/uploads\/2022\/10\/DSC1406-150x150.jpg\" width=\"150\" height=\"150\" alt=\"Lelli architectes\"\/><\/a><a href=\"https:\/\/www.lelli-architectes.com\/wp-content\/uploads\/2022\/10\/DSC1080.jpg\" title=\"\" data-rl_title=\"\" class=\"rl-gallery-link\" data-rl_caption=\"\" data-rel=\"lightbox-gallery-1\" data-magnific_type=\"gallery\" style=\"display: none;\"><img loading=\"lazy\" decoding=\"async\" src=\"https:\/\/www.lelli-architectes.com\/wp-content\/uploads\/2022\/10\/DSC1080-150x150.jpg\" width=\"150\" height=\"150\" alt=\"Lelli architectes\"\/><\/a><a href=\"https:\/\/www.lelli-architectes.com\/wp-content\/uploads\/2022\/10\/DSC7956.jpg\" title=\"\" data-rl_title=\"\" class=\"rl-gallery-link\" data-rl_caption=\"\" data-rel=\"lightbox-gallery-1\" data-magnific_type=\"gallery\" style=\"display: none;\"><img loading=\"lazy\" decoding=\"async\" src=\"https:\/\/www.lelli-architectes.com\/wp-content\/uploads\/2022\/10\/DSC7956-150x150.jpg\" width=\"150\" height=\"150\" alt=\"Lelli architectes\"\/><\/a><a href=\"https:\/\/www.lelli-architectes.com\/wp-content\/uploads\/2022\/10\/DSC1577.jpg\" title=\"\" data-rl_title=\"\" class=\"rl-gallery-link\" data-rl_caption=\"\" data-rel=\"lightbox-gallery-1\" data-magnific_type=\"gallery\" style=\"display: none;\"><img loading=\"lazy\" decoding=\"async\" src=\"https:\/\/www.lelli-architectes.com\/wp-content\/uploads\/2022\/10\/DSC1577-150x150.jpg\" width=\"150\" height=\"150\" alt=\"Lelli architectes\"\/><\/a><a href=\"https:\/\/www.lelli-architectes.com\/wp-content\/uploads\/2022\/10\/DSC1529.jpg\" title=\"\" data-rl_title=\"\" class=\"rl-gallery-link\" data-rl_caption=\"\" data-rel=\"lightbox-gallery-1\" data-magnific_type=\"gallery\" style=\"display: none;\"><img loading=\"lazy\" decoding=\"async\" src=\"https:\/\/www.lelli-architectes.com\/wp-content\/uploads\/2022\/10\/DSC1529-150x150.jpg\" width=\"150\" height=\"150\" alt=\"Lelli architectes\"\/><\/a><a href=\"https:\/\/www.lelli-architectes.com\/wp-content\/uploads\/2022\/10\/DSC1524.jpg\" title=\"\" data-rl_title=\"\" class=\"rl-gallery-link\" data-rl_caption=\"\" data-rel=\"lightbox-gallery-1\" data-magnific_type=\"gallery\" style=\"display: none;\"><img loading=\"lazy\" decoding=\"async\" src=\"https:\/\/www.lelli-architectes.com\/wp-content\/uploads\/2022\/10\/DSC1524-150x150.jpg\" width=\"150\" height=\"150\" alt=\"Lelli architectes\"\/><\/a><a href=\"https:\/\/www.lelli-architectes.com\/wp-content\/uploads\/2022\/10\/DSC1473.jpg\" title=\"\" data-rl_title=\"\" class=\"rl-gallery-link\" data-rl_caption=\"\" data-rel=\"lightbox-gallery-1\" data-magnific_type=\"gallery\" style=\"display: none;\"><img loading=\"lazy\" decoding=\"async\" src=\"https:\/\/www.lelli-architectes.com\/wp-content\/uploads\/2022\/10\/DSC1473-150x150.jpg\" width=\"150\" height=\"150\" alt=\"Lelli architectes\"\/><\/a><a href=\"https:\/\/www.lelli-architectes.com\/wp-content\/uploads\/2022\/10\/DSC1013.jpg\" title=\"\" data-rl_title=\"\" class=\"rl-gallery-link\" data-rl_caption=\"\" data-rel=\"lightbox-gallery-1\" data-magnific_type=\"gallery\" style=\"display: none;\"><img loading=\"lazy\" decoding=\"async\" src=\"https:\/\/www.lelli-architectes.com\/wp-content\/uploads\/2022\/10\/DSC1013-150x150.jpg\" width=\"150\" height=\"150\" alt=\"Lelli architectes\"\/><\/a><a href=\"https:\/\/www.lelli-architectes.com\/wp-content\/uploads\/2022\/10\/DSC1448.jpg\" title=\"\" data-rl_title=\"\" class=\"rl-gallery-link\" data-rl_caption=\"\" data-rel=\"lightbox-gallery-1\" data-magnific_type=\"gallery\" style=\"display: none;\"><img loading=\"lazy\" decoding=\"async\" src=\"https:\/\/www.lelli-architectes.com\/wp-content\/uploads\/2022\/10\/DSC1448-150x150.jpg\" width=\"150\" height=\"150\" alt=\"Lelli architectes\"\/><\/a><a href=\"https:\/\/www.lelli-architectes.com\/wp-content\/uploads\/2022\/10\/DSC1442.jpg\" title=\"\" data-rl_title=\"\" class=\"rl-gallery-link\" data-rl_caption=\"\" data-rel=\"lightbox-gallery-1\" data-magnific_type=\"gallery\" style=\"display: none;\"><img loading=\"lazy\" decoding=\"async\" src=\"https:\/\/www.lelli-architectes.com\/wp-content\/uploads\/2022\/10\/DSC1442-150x150.jpg\" width=\"150\" height=\"150\" alt=\"Lelli architectes\"\/><\/a><a href=\"https:\/\/www.lelli-architectes.com\/wp-content\/uploads\/2022\/10\/DSC1426.jpg\" title=\"\" data-rl_title=\"\" class=\"rl-gallery-link\" data-rl_caption=\"\" data-rel=\"lightbox-gallery-1\" data-magnific_type=\"gallery\" style=\"display: none;\"><img loading=\"lazy\" decoding=\"async\" src=\"https:\/\/www.lelli-architectes.com\/wp-content\/uploads\/2022\/10\/DSC1426-150x150.jpg\" width=\"150\" height=\"150\" alt=\"Lelli architectes\"\/><\/a><a href=\"https:\/\/www.lelli-architectes.com\/wp-content\/uploads\/2022\/10\/DSC0999.jpg\" title=\"\" data-rl_title=\"\" class=\"rl-gallery-link\" data-rl_caption=\"\" data-rel=\"lightbox-gallery-1\" data-magnific_type=\"gallery\" style=\"display: none;\"><img loading=\"lazy\" decoding=\"async\" src=\"https:\/\/www.lelli-architectes.com\/wp-content\/uploads\/2022\/10\/DSC0999-150x150.jpg\" width=\"150\" height=\"150\" alt=\"Lelli architectes\"\/><\/a><a href=\"https:\/\/www.lelli-architectes.com\/wp-content\/uploads\/2022\/10\/DSC1415.jpg\" title=\"\" data-rl_title=\"\" class=\"rl-gallery-link\" data-rl_caption=\"\" data-rel=\"lightbox-gallery-1\" data-magnific_type=\"gallery\" style=\"display: none;\"><img loading=\"lazy\" decoding=\"async\" src=\"https:\/\/www.lelli-architectes.com\/wp-content\/uploads\/2022\/10\/DSC1415-150x150.jpg\" width=\"150\" height=\"150\" alt=\"Lelli architectes\"\/><\/a><a href=\"https:\/\/www.lelli-architectes.com\/wp-content\/uploads\/2022\/10\/DSC1027.jpg\" title=\"\" data-rl_title=\"\" class=\"rl-gallery-link\" data-rl_caption=\"\" data-rel=\"lightbox-gallery-1\" data-magnific_type=\"gallery\" style=\"display: none;\"><img loading=\"lazy\" decoding=\"async\" src=\"https:\/\/www.lelli-architectes.com\/wp-content\/uploads\/2022\/10\/DSC1027-150x150.jpg\" width=\"150\" height=\"150\" alt=\"Lelli architectes\"\/><\/a><a href=\"https:\/\/www.lelli-architectes.com\/wp-content\/uploads\/2022\/10\/DSC1070.jpg\" title=\"\" data-rl_title=\"\" class=\"rl-gallery-link\" data-rl_caption=\"\" data-rel=\"lightbox-gallery-1\" data-magnific_type=\"gallery\" style=\"display: none;\"><img loading=\"lazy\" decoding=\"async\" src=\"https:\/\/www.lelli-architectes.com\/wp-content\/uploads\/2022\/10\/DSC1070-150x150.jpg\" width=\"150\" height=\"150\" alt=\"Lelli architectes\"\/><\/a><a href=\"https:\/\/www.lelli-architectes.com\/wp-content\/uploads\/2022\/10\/DSC1071.jpg\" title=\"\" data-rl_title=\"\" class=\"rl-gallery-link\" data-rl_caption=\"\" data-rel=\"lightbox-gallery-1\" data-magnific_type=\"gallery\" style=\"display: none;\"><img loading=\"lazy\" decoding=\"async\" src=\"https:\/\/www.lelli-architectes.com\/wp-content\/uploads\/2022\/10\/DSC1071-150x150.jpg\" width=\"150\" height=\"150\" alt=\"Lelli architectes\"\/><\/a><a href=\"https:\/\/www.lelli-architectes.com\/wp-content\/uploads\/2022\/10\/DSC1375.jpg\" title=\"\" data-rl_title=\"\" class=\"rl-gallery-link\" data-rl_caption=\"\" data-rel=\"lightbox-gallery-1\" data-magnific_type=\"gallery\" style=\"display: none;\"><img loading=\"lazy\" decoding=\"async\" src=\"https:\/\/www.lelli-architectes.com\/wp-content\/uploads\/2022\/10\/DSC1375-150x150.jpg\" width=\"150\" height=\"150\" alt=\"Lelli architectes\"\/><\/a><a href=\"https:\/\/www.lelli-architectes.com\/wp-content\/uploads\/2022\/10\/DSC1073.jpg\" title=\"\" data-rl_title=\"\" class=\"rl-gallery-link\" data-rl_caption=\"\" data-rel=\"lightbox-gallery-1\" data-magnific_type=\"gallery\" style=\"display: none;\"><img loading=\"lazy\" decoding=\"async\" src=\"https:\/\/www.lelli-architectes.com\/wp-content\/uploads\/2022\/10\/DSC1073-150x150.jpg\" width=\"150\" height=\"150\" alt=\"Lelli architectes\"\/><\/a><a href=\"https:\/\/www.lelli-architectes.com\/wp-content\/uploads\/2022\/10\/DSC1459.jpg\" title=\"\" data-rl_title=\"\" class=\"rl-gallery-link\" data-rl_caption=\"\" data-rel=\"lightbox-gallery-1\" data-magnific_type=\"gallery\" style=\"display: none;\"><img loading=\"lazy\" decoding=\"async\" src=\"https:\/\/www.lelli-architectes.com\/wp-content\/uploads\/2022\/10\/DSC1459-150x150.jpg\" width=\"150\" height=\"150\" alt=\"Lelli architectes\"\/><\/a><a href=\"https:\/\/www.lelli-architectes.com\/wp-content\/uploads\/2022\/10\/DSC1074.jpg\" title=\"\" data-rl_title=\"\" class=\"rl-gallery-link\" data-rl_caption=\"\" data-rel=\"lightbox-gallery-1\" data-magnific_type=\"gallery\" style=\"display: none;\"><img loading=\"lazy\" decoding=\"async\" src=\"https:\/\/www.lelli-architectes.com\/wp-content\/uploads\/2022\/10\/DSC1074-150x150.jpg\" width=\"150\" height=\"150\" alt=\"Lelli architectes\"\/><\/a><a href=\"https:\/\/www.lelli-architectes.com\/wp-content\/uploads\/2022\/10\/DSC1601.jpg\" title=\"\" data-rl_title=\"\" class=\"rl-gallery-link\" data-rl_caption=\"\" data-rel=\"lightbox-gallery-1\" data-magnific_type=\"gallery\" style=\"display: none;\"><img loading=\"lazy\" decoding=\"async\" src=\"https:\/\/www.lelli-architectes.com\/wp-content\/uploads\/2022\/10\/DSC1601-150x150.jpg\" width=\"150\" height=\"150\" alt=\"Lelli architectes\"\/><\/a><a href=\"https:\/\/www.lelli-architectes.com\/wp-content\/uploads\/2022\/10\/DSC7957.jpg\" title=\"\" data-rl_title=\"\" class=\"rl-gallery-link\" data-rl_caption=\"\" data-rel=\"lightbox-gallery-1\" data-magnific_type=\"gallery\" style=\"display: none;\"><img loading=\"lazy\" decoding=\"async\" src=\"https:\/\/www.lelli-architectes.com\/wp-content\/uploads\/2022\/10\/DSC7957-150x150.jpg\" width=\"150\" height=\"150\" alt=\"Lelli architectes\"\/><\/a> <\/span> <\/span><a href=\"https:\/\/ecliptique.com\/chantiers\/\" target=\"_blank\" rel=\"noopener\"><img loading=\"lazy\" decoding=\"async\" class=\"panobt alignnone wp-image-1847\" src=\"https:\/\/www.lelli-architectes.com\/wp-content\/uploads\/2022\/10\/360icon.png\" alt=\"\" width=\"100\" height=\"100\" srcset=\"https:\/\/www.lelli-architectes.com\/wp-content\/uploads\/2022\/10\/360icon.png 400w, https:\/\/www.lelli-architectes.com\/wp-content\/uploads\/2022\/10\/360icon-300x300.png 300w, https:\/\/www.lelli-architectes.com\/wp-content\/uploads\/2022\/10\/360icon-150x150.png 150w\" sizes=\"auto, (max-width: 100px) 100vw, 100px\" \/><\/a><\/p>\n<\/div>\n<\/div><\/div><\/div><\/div><\/div><div id=\"pg-1837-3\"  class=\"panel-grid panel-no-style\" ><div id=\"pgc-1837-3-0\"  class=\"panel-grid-cell panel-grid-cell-empty\" ><\/div><\/div><\/div>","protected":false},"excerpt":{"rendered":"<p>R\u00c9ALIS\u00c9<\/p>\n","protected":false},"author":1,"featured_media":1834,"parent":775,"menu_order":6,"comment_status":"closed","ping_status":"closed","template":"","meta":{"footnotes":""},"class_list":["post-1837","page","type-page","status-publish","has-post-thumbnail","hentry","post"],"_links":{"self":[{"href":"https:\/\/www.lelli-architectes.com\/index.php\/wp-json\/wp\/v2\/pages\/1837","targetHints":{"allow":["GET"]}}],"collection":[{"href":"https:\/\/www.lelli-architectes.com\/index.php\/wp-json\/wp\/v2\/pages"}],"about":[{"href":"https:\/\/www.lelli-architectes.com\/index.php\/wp-json\/wp\/v2\/types\/page"}],"author":[{"embeddable":true,"href":"https:\/\/www.lelli-architectes.com\/index.php\/wp-json\/wp\/v2\/users\/1"}],"replies":[{"embeddable":true,"href":"https:\/\/www.lelli-architectes.com\/index.php\/wp-json\/wp\/v2\/comments?post=1837"}],"version-history":[{"count":85,"href":"https:\/\/www.lelli-architectes.com\/index.php\/wp-json\/wp\/v2\/pages\/1837\/revisions"}],"predecessor-version":[{"id":3050,"href":"https:\/\/www.lelli-architectes.com\/index.php\/wp-json\/wp\/v2\/pages\/1837\/revisions\/3050"}],"up":[{"embeddable":true,"href":"https:\/\/www.lelli-architectes.com\/index.php\/wp-json\/wp\/v2\/pages\/775"}],"wp:featuredmedia":[{"embeddable":true,"href":"https:\/\/www.lelli-architectes.com\/index.php\/wp-json\/wp\/v2\/media\/1834"}],"wp:attachment":[{"href":"https:\/\/www.lelli-architectes.com\/index.php\/wp-json\/wp\/v2\/media?parent=1837"}],"curies":[{"name":"wp","href":"https:\/\/api.w.org\/{rel}","templated":true}]}}