{"id":3459,"date":"2025-10-25T13:40:00","date_gmt":"2025-10-25T11:40:00","guid":{"rendered":"https:\/\/www.lelli-architectes.com\/?page_id=3459"},"modified":"2025-10-27T11:27:59","modified_gmt":"2025-10-27T10:27:59","slug":"mery-sur-oise-station-de-pompage","status":"publish","type":"page","link":"https:\/\/www.lelli-architectes.com\/index.php\/industrie\/mery-sur-oise-station-de-pompage\/","title":{"rendered":"M\u00e9ry-sur-Oise station de pompage"},"content":{"rendered":"<div id=\"pl-3459\"  class=\"panel-layout\" ><div id=\"pg-3459-0\"  class=\"panel-grid panel-has-style\" ><div class=\"bandeau_titre panel-row-style panel-row-style-for-3459-0\" ><div id=\"pgc-3459-0-0\"  class=\"panel-grid-cell\" ><div id=\"panel-3459-0-0-0\" class=\"widget_text so-panel widget widget_custom_html panel-first-child panel-last-child\" data-index=\"0\" ><div class=\"widget_text titre-projet-c1 panel-widget-style panel-widget-style-for-3459-0-0-0\" ><div class=\"textwidget custom-html-widget\"><h1>M\u00e9ry-sur-Oise | Station de pompage S\u00e9gur<\/h1><\/div><\/div><\/div><\/div><div id=\"pgc-3459-0-1\"  class=\"panel-grid-cell\" ><div id=\"panel-3459-0-1-0\" class=\"so-panel widget widget_sow-button panel-first-child panel-last-child\" data-index=\"1\" ><div\n\t\t\t\n\t\t\tclass=\"so-widget-sow-button so-widget-sow-button-flat-107f7a083ce8-3459\"\n\t\t\t\n\t\t><div class=\"ow-button-base ow-button-align-left\"\n>\n\t\t\t<a\n\t\t\t\t\thref=\"https:\/\/www.lelli-architectes.com\/index.php\/industrie\/\"\n\t\t\t\t\tclass=\"sowb-button ow-icon-placement-left ow-button-hover\" \t>\n\t\t<span>\n\t\t\t<span class=\"sow-icon-fontawesome sow-far\" data-sow-icon=\"&#xf0a5;\"\n\t\tstyle=\"color: #ffffff\" \n\t\taria-hidden=\"true\"><\/span>\n\t\t\tRetour \u00e0 la liste des r\u00e9f\u00e9rences\t\t<\/span>\n\t\t\t<\/a>\n\t<\/div>\n<\/div><\/div><\/div><\/div><\/div><div id=\"pg-3459-1\"  class=\"panel-grid panel-no-style\" ><div id=\"pgc-3459-1-0\"  class=\"panel-grid-cell\" ><div id=\"panel-3459-1-0-0\" class=\"so-panel widget widget_sow-editor panel-first-child panel-last-child\" data-index=\"2\" ><div class=\"projet panel-widget-style panel-widget-style-for-3459-1-0-0\" ><div\n\t\t\t\n\t\t\tclass=\"so-widget-sow-editor so-widget-sow-editor-base\"\n\t\t\t\n\t\t>\n<div class=\"siteorigin-widget-tinymce textwidget\">\n\t<h6>\u00c9tudes en cours<\/h6>\n<\/div>\n<\/div><\/div><\/div><\/div><\/div><div id=\"pg-3459-2\"  class=\"panel-grid panel-no-style\" ><div id=\"pgc-3459-2-0\"  class=\"panel-grid-cell\" ><div id=\"panel-3459-2-0-0\" class=\"so-panel widget widget_sow-editor panel-first-child panel-last-child\" data-index=\"3\" ><div class=\"projet panel-widget-style panel-widget-style-for-3459-2-0-0\" ><div\n\t\t\t\n\t\t\tclass=\"so-widget-sow-editor so-widget-sow-editor-base\"\n\t\t\t\n\t\t>\n<div class=\"siteorigin-widget-tinymce textwidget\">\n\t<h2>MISSION :<\/h2>\n<p>MOP B\u00e2timent et Paysage<\/p>\n<h2>MO\u00a0:<\/h2>\n<p>SEDIF<\/p>\n<h2>LIEU :<\/h2>\n<p>95 540 M\u00e9ry-sur-Oise<\/p>\n<h2>TRAVAUX :<\/h2>\n<p>17 025 000 \u20ac HT<\/p>\n<\/div>\n<\/div><\/div><\/div><\/div><div id=\"pgc-3459-2-1\"  class=\"panel-grid-cell\" ><div id=\"panel-3459-2-1-0\" class=\"so-panel widget widget_sow-editor panel-first-child\" data-index=\"4\" ><div\n\t\t\t\n\t\t\tclass=\"so-widget-sow-editor so-widget-sow-editor-base\"\n\t\t\t\n\t\t>\n<div class=\"siteorigin-widget-tinymce textwidget\">\n\t<p>R\u00e9novation de la station de pompage S\u00e9gur au sein de l'usine de traitement d'eau potable de M\u00e9ry-sur-Oise ainsi que les deux prises d'eau.<\/p>\n<\/div>\n<\/div><\/div><div id=\"panel-3459-2-1-1\" class=\"widget_text so-panel widget widget_custom_html panel-last-child\" data-index=\"5\" ><div class=\"textwidget custom-html-widget\"><span class=\"rl-gallery-container rl-loading\" id=\"rl-gallery-container-1\" data-gallery_id=\"3442\"> <span class=\"rl-gallery rl-hidden-gallery rl-hidden-image \" id=\"rl-gallery-1\" data-gallery_no=\"1\"> <a href=\"https:\/\/www.lelli-architectes.com\/wp-content\/uploads\/2025\/10\/mery-a.jpg\" class=\"gal rl-gallery-link\" title=\"\" data-rl_title=\"\" data-rl_caption=\"\" data-rel=\"lightbox-gallery-1\" data-magnific_type=\"gallery\"><img loading=\"lazy\" decoding=\"async\" src=\"https:\/\/www.lelli-architectes.com\/wp-content\/uploads\/2025\/10\/mery-a-150x150.jpg\" width=\"150\" height=\"150\" alt=\"\"\/><\/a><span class=\"rl-gallery-title\"><\/span> <a href=\"https:\/\/www.lelli-architectes.com\/wp-content\/uploads\/2025\/10\/mery-b.jpg\" title=\"\" data-rl_title=\"\" class=\"rl-gallery-link\" data-rl_caption=\"\" data-rel=\"lightbox-gallery-1\" data-magnific_type=\"gallery\" style=\"display: none;\"><img loading=\"lazy\" decoding=\"async\" src=\"https:\/\/www.lelli-architectes.com\/wp-content\/uploads\/2025\/10\/mery-b-150x150.jpg\" width=\"150\" height=\"150\" alt=\"\"\/><\/a><a href=\"https:\/\/www.lelli-architectes.com\/wp-content\/uploads\/2025\/10\/mery-c.jpg\" title=\"\" data-rl_title=\"\" class=\"rl-gallery-link\" data-rl_caption=\"\" data-rel=\"lightbox-gallery-1\" data-magnific_type=\"gallery\" style=\"display: none;\"><img loading=\"lazy\" decoding=\"async\" src=\"https:\/\/www.lelli-architectes.com\/wp-content\/uploads\/2025\/10\/mery-c-150x150.jpg\" width=\"150\" height=\"150\" alt=\"\"\/><\/a> <\/span> <\/span><\/div><\/div><\/div><\/div><div id=\"pg-3459-3\"  class=\"panel-grid panel-no-style\" ><div id=\"pgc-3459-3-0\"  class=\"panel-grid-cell panel-grid-cell-empty\" ><\/div><\/div><\/div>","protected":false},"excerpt":{"rendered":"<p>\u00c9tudes en cours<\/p>\n","protected":false},"author":1,"featured_media":3419,"parent":830,"menu_order":5,"comment_status":"closed","ping_status":"closed","template":"","meta":{"footnotes":""},"class_list":["post-3459","page","type-page","status-publish","has-post-thumbnail","hentry","post"],"_links":{"self":[{"href":"https:\/\/www.lelli-architectes.com\/index.php\/wp-json\/wp\/v2\/pages\/3459","targetHints":{"allow":["GET"]}}],"collection":[{"href":"https:\/\/www.lelli-architectes.com\/index.php\/wp-json\/wp\/v2\/pages"}],"about":[{"href":"https:\/\/www.lelli-architectes.com\/index.php\/wp-json\/wp\/v2\/types\/page"}],"author":[{"embeddable":true,"href":"https:\/\/www.lelli-architectes.com\/index.php\/wp-json\/wp\/v2\/users\/1"}],"replies":[{"embeddable":true,"href":"https:\/\/www.lelli-architectes.com\/index.php\/wp-json\/wp\/v2\/comments?post=3459"}],"version-history":[{"count":4,"href":"https:\/\/www.lelli-architectes.com\/index.php\/wp-json\/wp\/v2\/pages\/3459\/revisions"}],"predecessor-version":[{"id":3548,"href":"https:\/\/www.lelli-architectes.com\/index.php\/wp-json\/wp\/v2\/pages\/3459\/revisions\/3548"}],"up":[{"embeddable":true,"href":"https:\/\/www.lelli-architectes.com\/index.php\/wp-json\/wp\/v2\/pages\/830"}],"wp:featuredmedia":[{"embeddable":true,"href":"https:\/\/www.lelli-architectes.com\/index.php\/wp-json\/wp\/v2\/media\/3419"}],"wp:attachment":[{"href":"https:\/\/www.lelli-architectes.com\/index.php\/wp-json\/wp\/v2\/media?parent=3459"}],"curies":[{"name":"wp","href":"https:\/\/api.w.org\/{rel}","templated":true}]}}