{"id":607,"date":"2022-09-08T12:30:31","date_gmt":"2022-09-08T12:30:31","guid":{"rendered":"https:\/\/www.lelli-architectes.com\/?page_id=607"},"modified":"2026-01-23T16:37:26","modified_gmt":"2026-01-23T15:37:26","slug":"lagence","status":"publish","type":"page","link":"https:\/\/www.lelli-architectes.com\/index.php\/lagence\/","title":{"rendered":"L&rsquo;agence"},"content":{"rendered":"<div id=\"pl-607\"  class=\"panel-layout\" ><div id=\"pg-607-0\"  class=\"panel-grid panel-has-style\" ><div class=\"panel-row-style panel-row-style-for-607-0\" ><div id=\"pgc-607-0-0\"  class=\"panel-grid-cell\" ><div id=\"panel-607-0-0-0\" class=\"so-panel widget widget_sow-headline panel-first-child panel-last-child\" data-index=\"0\" ><div class=\"panel-widget-style panel-widget-style-for-607-0-0-0\" ><div\n\t\t\t\n\t\t\tclass=\"so-widget-sow-headline so-widget-sow-headline-default-5bed9f491304-607\"\n\t\t\t\n\t\t><div class=\"sow-headline-container \">\n\t\t\t\t\t\t\t<h1 class=\"sow-headline\">\n\t\t\t\t\t\tL\u2019agence Lelli Architectes\t\t\t\t\t\t<\/h1>\n\t\t\t\t\t\t\t\t\t\t\t<div class=\"decoration\">\n\t\t\t\t\t\t<div class=\"decoration-inside\"><\/div>\n\t\t\t\t\t<\/div>\n\t\t\t\t\t<\/div>\n<\/div><\/div><\/div><\/div><\/div><\/div><div id=\"pg-607-1\"  class=\"panel-grid panel-no-style\" ><div id=\"pgc-607-1-0\"  class=\"panel-grid-cell\" ><div class=\"panel-cell-style panel-cell-style-for-607-1-0\" ><div id=\"panel-607-1-0-0\" class=\"so-panel widget widget_sow-image panel-first-child\" data-index=\"1\" ><div class=\"panel-widget-style panel-widget-style-for-607-1-0-0\" ><div\n\t\t\t\n\t\t\tclass=\"so-widget-sow-image so-widget-sow-image-default-e4c2d9f6c920-607\"\n\t\t\t\n\t\t>\n<div class=\"sow-image-container\">\n\t\t<img \n\tsrc=\"https:\/\/www.lelli-architectes.com\/wp-content\/uploads\/2025\/10\/2023-12-06-323333_DSC0584-e1761485516613-300x300.jpg\" width=\"200\" height=\"200\" srcset=\"https:\/\/www.lelli-architectes.com\/wp-content\/uploads\/2025\/10\/2023-12-06-323333_DSC0584-e1761485516613-300x300.jpg 300w, https:\/\/www.lelli-architectes.com\/wp-content\/uploads\/2025\/10\/2023-12-06-323333_DSC0584-e1761485516613-150x150.jpg 150w, https:\/\/www.lelli-architectes.com\/wp-content\/uploads\/2025\/10\/2023-12-06-323333_DSC0584-e1761485516613-500x500.jpg 500w, https:\/\/www.lelli-architectes.com\/wp-content\/uploads\/2025\/10\/2023-12-06-323333_DSC0584-e1761485516613.jpg 735w\" sizes=\"(max-width: 200px) 100vw, 200px\" title=\"Dominique Lelli\" alt=\"Dominique Lelli\" \t\tclass=\"so-widget-image\"\/>\n\t<\/div>\n\n<\/div><\/div><\/div><div id=\"panel-607-1-0-1\" class=\"so-panel widget widget_sow-image\" data-index=\"2\" ><div class=\"panel-widget-style panel-widget-style-for-607-1-0-1\" ><div\n\t\t\t\n\t\t\tclass=\"so-widget-sow-image so-widget-sow-image-default-e4c2d9f6c920-607\"\n\t\t\t\n\t\t>\n<div class=\"sow-image-container\">\n\t\t<img \n\tsrc=\"https:\/\/www.lelli-architectes.com\/wp-content\/uploads\/2025\/10\/2023-12-06-323248_DSC0498-e1761485387692-681x1024.jpg\" width=\"200\" height=\"300\" srcset=\"https:\/\/www.lelli-architectes.com\/wp-content\/uploads\/2025\/10\/2023-12-06-323248_DSC0498-e1761485387692-681x1024.jpg 681w, https:\/\/www.lelli-architectes.com\/wp-content\/uploads\/2025\/10\/2023-12-06-323248_DSC0498-e1761485387692-199x300.jpg 199w, https:\/\/www.lelli-architectes.com\/wp-content\/uploads\/2025\/10\/2023-12-06-323248_DSC0498-e1761485387692.jpg 700w\" sizes=\"(max-width: 200px) 100vw, 200px\" title=\"2023-12-06-323248_DSC0498\" alt=\"\" \t\tclass=\"so-widget-image\"\/>\n\t<\/div>\n\n<\/div><\/div><\/div><div id=\"panel-607-1-0-2\" class=\"so-panel widget widget_sow-image\" data-index=\"3\" ><div class=\"panel-widget-style panel-widget-style-for-607-1-0-2\" ><div\n\t\t\t\n\t\t\tclass=\"so-widget-sow-image so-widget-sow-image-default-e4c2d9f6c920-607\"\n\t\t\t\n\t\t>\n<div class=\"sow-image-container\">\n\t\t<img \n\tsrc=\"https:\/\/www.lelli-architectes.com\/wp-content\/uploads\/2025\/10\/2023-12-06-323261_DSC0511-e1761485419125-200x300.jpg\" width=\"200\" height=\"300\" srcset=\"https:\/\/www.lelli-architectes.com\/wp-content\/uploads\/2025\/10\/2023-12-06-323261_DSC0511-e1761485419125-200x300.jpg 200w, https:\/\/www.lelli-architectes.com\/wp-content\/uploads\/2025\/10\/2023-12-06-323261_DSC0511-e1761485419125-681x1024.jpg 681w, https:\/\/www.lelli-architectes.com\/wp-content\/uploads\/2025\/10\/2023-12-06-323261_DSC0511-e1761485419125-768x1154.jpg 768w, https:\/\/www.lelli-architectes.com\/wp-content\/uploads\/2025\/10\/2023-12-06-323261_DSC0511-e1761485419125.jpg 785w\" sizes=\"(max-width: 200px) 100vw, 200px\" title=\"2023-12-06-323261_DSC0511\" alt=\"\" \t\tclass=\"so-widget-image\"\/>\n\t<\/div>\n\n<\/div><\/div><\/div><div id=\"panel-607-1-0-3\" class=\"so-panel widget widget_sow-image\" data-index=\"4\" ><div class=\"panel-widget-style panel-widget-style-for-607-1-0-3\" ><div\n\t\t\t\n\t\t\tclass=\"so-widget-sow-image so-widget-sow-image-default-e4c2d9f6c920-607\"\n\t\t\t\n\t\t>\n<div class=\"sow-image-container\">\n\t\t<img \n\tsrc=\"https:\/\/www.lelli-architectes.com\/wp-content\/uploads\/2025\/10\/2023-12-06-323232_DSC0482-e1761500679824-200x300.jpg\" width=\"200\" height=\"300\" srcset=\"https:\/\/www.lelli-architectes.com\/wp-content\/uploads\/2025\/10\/2023-12-06-323232_DSC0482-e1761500679824-200x300.jpg 200w, https:\/\/www.lelli-architectes.com\/wp-content\/uploads\/2025\/10\/2023-12-06-323232_DSC0482-e1761500679824-682x1024.jpg 682w, https:\/\/www.lelli-architectes.com\/wp-content\/uploads\/2025\/10\/2023-12-06-323232_DSC0482-e1761500679824.jpg 685w\" sizes=\"(max-width: 200px) 100vw, 200px\" title=\"2023-12-06-323232_DSC0482\" alt=\"\" \t\tclass=\"so-widget-image\"\/>\n\t<\/div>\n\n<\/div><\/div><\/div><div id=\"panel-607-1-0-4\" class=\"so-panel widget widget_sow-image panel-last-child\" data-index=\"5\" ><div class=\"panel-widget-style panel-widget-style-for-607-1-0-4\" ><div\n\t\t\t\n\t\t\tclass=\"so-widget-sow-image so-widget-sow-image-default-e4c2d9f6c920-607\"\n\t\t\t\n\t\t>\n<div class=\"sow-image-container\">\n\t\t<img \n\tsrc=\"https:\/\/www.lelli-architectes.com\/wp-content\/uploads\/2026\/01\/cecile1.jpg\" width=\"200\" height=\"360\" srcset=\"https:\/\/www.lelli-architectes.com\/wp-content\/uploads\/2026\/01\/cecile1.jpg 725w, https:\/\/www.lelli-architectes.com\/wp-content\/uploads\/2026\/01\/cecile1-201x300.jpg 201w, https:\/\/www.lelli-architectes.com\/wp-content\/uploads\/2026\/01\/cecile1-686x1024.jpg 686w\" sizes=\"(max-width: 200px) 100vw, 200px\" alt=\"\" \t\tclass=\"so-widget-image\"\/>\n\t<\/div>\n\n<\/div><\/div><\/div><\/div><\/div><div id=\"pgc-607-1-1\"  class=\"panel-grid-cell\" ><div class=\"panel-cell-style panel-cell-style-for-607-1-1\" ><div id=\"panel-607-1-1-0\" class=\"so-panel widget widget_sow-image panel-first-child\" data-index=\"6\" ><div class=\"panel-widget-style panel-widget-style-for-607-1-1-0\" ><div\n\t\t\t\n\t\t\tclass=\"so-widget-sow-image so-widget-sow-image-default-e4c2d9f6c920-607\"\n\t\t\t\n\t\t>\n<div class=\"sow-image-container\">\n\t\t<img \n\tsrc=\"https:\/\/www.lelli-architectes.com\/wp-content\/uploads\/2025\/10\/2023-12-06-323290_DSC0540-e1761485491952-300x300.jpg\" width=\"200\" height=\"200\" srcset=\"https:\/\/www.lelli-architectes.com\/wp-content\/uploads\/2025\/10\/2023-12-06-323290_DSC0540-e1761485491952-300x300.jpg 300w, https:\/\/www.lelli-architectes.com\/wp-content\/uploads\/2025\/10\/2023-12-06-323290_DSC0540-e1761485491952-150x150.jpg 150w, https:\/\/www.lelli-architectes.com\/wp-content\/uploads\/2025\/10\/2023-12-06-323290_DSC0540-e1761485491952-768x768.jpg 768w, https:\/\/www.lelli-architectes.com\/wp-content\/uploads\/2025\/10\/2023-12-06-323290_DSC0540-e1761485491952-500x500.jpg 500w, https:\/\/www.lelli-architectes.com\/wp-content\/uploads\/2025\/10\/2023-12-06-323290_DSC0540-e1761485491952.jpg 800w\" sizes=\"(max-width: 200px) 100vw, 200px\" title=\"Giovanni Lelli\" alt=\"Giovanni Lelli\" \t\tclass=\"so-widget-image\"\/>\n\t<\/div>\n\n<\/div><\/div><\/div><div id=\"panel-607-1-1-1\" class=\"so-panel widget widget_sow-image\" data-index=\"7\" ><div class=\"panel-widget-style panel-widget-style-for-607-1-1-1\" ><div\n\t\t\t\n\t\t\tclass=\"so-widget-sow-image so-widget-sow-image-default-e4c2d9f6c920-607\"\n\t\t\t\n\t\t>\n<div class=\"sow-image-container\">\n\t\t<img \n\tsrc=\"https:\/\/www.lelli-architectes.com\/wp-content\/uploads\/2025\/10\/2023-12-06-323285_DSC0535-e1761485459672-200x300.jpg\" width=\"200\" height=\"300\" srcset=\"https:\/\/www.lelli-architectes.com\/wp-content\/uploads\/2025\/10\/2023-12-06-323285_DSC0535-e1761485459672-200x300.jpg 200w, https:\/\/www.lelli-architectes.com\/wp-content\/uploads\/2025\/10\/2023-12-06-323285_DSC0535-e1761485459672.jpg 618w\" sizes=\"(max-width: 200px) 100vw, 200px\" title=\"2023-12-06-323285_DSC0535\" alt=\"\" \t\tclass=\"so-widget-image\"\/>\n\t<\/div>\n\n<\/div><\/div><\/div><div id=\"panel-607-1-1-2\" class=\"so-panel widget widget_sow-image\" data-index=\"8\" ><div class=\"panel-widget-style panel-widget-style-for-607-1-1-2\" ><div\n\t\t\t\n\t\t\tclass=\"so-widget-sow-image so-widget-sow-image-default-e4c2d9f6c920-607\"\n\t\t\t\n\t\t>\n<div class=\"sow-image-container\">\n\t\t<img \n\tsrc=\"https:\/\/www.lelli-architectes.com\/wp-content\/uploads\/2025\/10\/2023-12-06-323224_DSC0474-e1761500643226-200x300.jpg\" width=\"200\" height=\"300\" srcset=\"https:\/\/www.lelli-architectes.com\/wp-content\/uploads\/2025\/10\/2023-12-06-323224_DSC0474-e1761500643226-200x300.jpg 200w, https:\/\/www.lelli-architectes.com\/wp-content\/uploads\/2025\/10\/2023-12-06-323224_DSC0474-e1761500643226-683x1024.jpg 683w, https:\/\/www.lelli-architectes.com\/wp-content\/uploads\/2025\/10\/2023-12-06-323224_DSC0474-e1761500643226.jpg 690w\" sizes=\"(max-width: 200px) 100vw, 200px\" title=\"2023-12-06-323224_DSC0474\" alt=\"\" \t\tclass=\"so-widget-image\"\/>\n\t<\/div>\n\n<\/div><\/div><\/div><div id=\"panel-607-1-1-3\" class=\"so-panel widget widget_sow-image\" data-index=\"9\" ><div class=\"panel-widget-style panel-widget-style-for-607-1-1-3\" ><div\n\t\t\t\n\t\t\tclass=\"so-widget-sow-image so-widget-sow-image-default-e4c2d9f6c920-607\"\n\t\t\t\n\t\t>\n<div class=\"sow-image-container\">\n\t\t<img \n\tsrc=\"https:\/\/www.lelli-architectes.com\/wp-content\/uploads\/2025\/10\/2023-12-06-323317_DSC0568-e1761500711135-200x300.jpg\" width=\"200\" height=\"300\" srcset=\"https:\/\/www.lelli-architectes.com\/wp-content\/uploads\/2025\/10\/2023-12-06-323317_DSC0568-e1761500711135-200x300.jpg 200w, https:\/\/www.lelli-architectes.com\/wp-content\/uploads\/2025\/10\/2023-12-06-323317_DSC0568-e1761500711135-684x1024.jpg 684w, https:\/\/www.lelli-architectes.com\/wp-content\/uploads\/2025\/10\/2023-12-06-323317_DSC0568-e1761500711135.jpg 745w\" sizes=\"(max-width: 200px) 100vw, 200px\" title=\"2023-12-06-323317_DSC0568\" alt=\"\" \t\tclass=\"so-widget-image\"\/>\n\t<\/div>\n\n<\/div><\/div><\/div><div id=\"panel-607-1-1-4\" class=\"so-panel widget widget_sow-image panel-last-child\" data-index=\"10\" ><div class=\"panel-widget-style panel-widget-style-for-607-1-1-4\" ><div\n\t\t\t\n\t\t\tclass=\"so-widget-sow-image so-widget-sow-image-default-e4c2d9f6c920-607\"\n\t\t\t\n\t\t>\n<div class=\"sow-image-container\">\n\t\t<img \n\tsrc=\"https:\/\/www.lelli-architectes.com\/wp-content\/uploads\/2022\/09\/ludo-gilbert-e1663421481295.jpg\" width=\"200\" height=\"360\" srcset=\"https:\/\/www.lelli-architectes.com\/wp-content\/uploads\/2022\/09\/ludo-gilbert-e1663421481295.jpg 560w, https:\/\/www.lelli-architectes.com\/wp-content\/uploads\/2022\/09\/ludo-gilbert-e1663421481295-193x300.jpg 193w\" sizes=\"(max-width: 200px) 100vw, 200px\" title=\"Lelli architectes\" alt=\"Lelli architectes\" \t\tclass=\"so-widget-image\"\/>\n\t<\/div>\n\n<\/div><\/div><\/div><\/div><\/div><div id=\"pgc-607-1-2\"  class=\"panel-grid-cell\" ><div class=\"panel-cell-style panel-cell-style-for-607-1-2\" ><div id=\"panel-607-1-2-0\" class=\"so-panel widget widget_sow-editor panel-first-child panel-last-child\" data-index=\"11\" ><div class=\"agence_texte panel-widget-style panel-widget-style-for-607-1-2-0\" ><div\n\t\t\t\n\t\t\tclass=\"so-widget-sow-editor so-widget-sow-editor-base\"\n\t\t\t\n\t\t>\n<div class=\"siteorigin-widget-tinymce textwidget\">\n\t<p align=\"JUSTIFY\"><span style=\"color: #000000;\"><span style=\"font-family: Frutiger-LightCn;\"><span style=\"font-size: small;\"><span style=\"font-family: Arial, sans-serif;\"><span style=\"font-size: medium;\">Jean-Wilfrid Botulinski et Kleopatra Oremus se rencontrent fortuitement, lors d'un stage inventif de Krav chamanique. En cellule de d\u00e9grisement, ils d\u00e9cident de mettre sur pied une association furtive\u00a0\/ financ\u00e9e par crowfunding pour r\u00e9enchanter les th\u00e8mes f\u00e9d\u00e9rateurs suivants\u00a0:<\/span><\/span><\/span><\/span><\/span><\/p>\n<p align=\"JUSTIFY\"><span style=\"color: #000000;\"><span style=\"font-family: Frutiger-LightCn;\"><span style=\"font-size: small;\"><span style=\"font-family: Arial, sans-serif;\"><span style=\"font-size: medium;\"><i>\u2022 L'eau, la terre, le feu<br \/>\n<\/i><\/span><\/span><\/span><\/span><\/span><span style=\"color: #000000;\"><span style=\"font-family: Frutiger-LightCn;\"><span style=\"font-size: small;\"><span style=\"font-family: Arial, sans-serif;\"><span style=\"font-size: medium;\"><i>\u2022 Progr\u00e8s technologique et happy hours<br \/>\n<\/i><\/span><\/span><\/span><\/span><\/span><span style=\"color: #000000;\"><span style=\"font-family: Frutiger-LightCn;\"><span style=\"font-size: small;\"><span style=\"font-family: Arial, sans-serif;\"><span style=\"font-size: medium;\"><i>\u2022 Algorythmes sociaux et coagulation du temps<br \/>\n<\/i><\/span><\/span><\/span><\/span><\/span><span style=\"color: #000000;\"><span style=\"font-family: Frutiger-LightCn;\"><span style=\"font-size: small;\"><span style=\"font-family: Arial, sans-serif;\"><span style=\"font-size: medium;\"><i>\u2022 Vitesse de rotation et ergonomie des WC biom\u00e9triques<br \/>\n<\/i><\/span><\/span><\/span><\/span><\/span><span style=\"color: #000000;\"><span style=\"font-family: Frutiger-LightCn;\"><span style=\"font-size: small;\"><span style=\"font-family: Arial, sans-serif;\"><span style=\"font-size: medium;\"><i>\u2022 Gumballs solaires participatifs<\/i><\/span><\/span><\/span><\/span><\/span><\/p>\n<p align=\"JUSTIFY\"><span style=\"color: #000000;\"><span style=\"font-family: Frutiger-LightCn;\"><span style=\"font-size: small;\"><span style=\"font-family: Arial, sans-serif;\"><span style=\"font-size: medium;\">Ils d\u00e9cident de prendre leurs responsabilit\u00e9s, et d'installer un \"<\/span><\/span><span style=\"font-family: Arial, sans-serif;\"><span style=\"font-size: medium;\"><i>Workshop<\/i><\/span><\/span><span style=\"font-family: Arial, sans-serif;\"><span style=\"font-size: medium;\">\" exigeant au plus pr\u00e8s de r\u00e9alit\u00e9s durables, sur un talus v\u00e9g\u00e9talis\u00e9 du p\u00e9riph\u00e9rique, pr\u00e8s d\u2019une ferme urbaine. Les comp\u00e9tences (inclassables) les plus diversifi\u00e9es viennent rapidement enrichir le \"<\/span><\/span><span style=\"font-family: Arial, sans-serif;\"><span style=\"font-size: medium;\"><i>Settlement<\/i><\/span><\/span><span style=\"font-family: Arial, sans-serif;\"><span style=\"font-size: medium;\">\"; Entre autres millenials, un philosophe free standing, un designer clubwear, un brouteur flexitarien, quelques grapheurs daltoniens, deux acteurs (s\u00e9par\u00e9s) de sitcom n\u00e9o terroir. Sans oublier le Dr Croupion \u2020, et le professeur Caligula.<\/span><\/span><\/span><\/span><\/span><\/p>\n<p align=\"JUSTIFY\"><span style=\"color: #000000;\"><span style=\"font-family: Frutiger-LightCn;\"><span style=\"font-size: small;\"><span style=\"font-family: Arial, sans-serif;\"><span style=\"font-size: medium;\">En un premier temps notoirement underground, cette \"<\/span><\/span><span style=\"font-family: Arial, sans-serif;\"><span style=\"font-size: medium;\"><i>Task Force<\/i><\/span><\/span><span style=\"font-family: Arial, sans-serif;\"><span style=\"font-size: medium;\">\" paradoxale, gr\u00e2ce \u00e0 une d\u00e9marche disruptive, une souplesse gluten free, va peu \u00e0 peu permettre d'aborder les th\u00e8mes mobilisateurs les plus divers\u00a0:<\/span><\/span><\/span><\/span><\/span><\/p>\n<p align=\"JUSTIFY\"><span style=\"color: #000000;\"><span style=\"font-family: Frutiger-LightCn;\"><span style=\"font-size: small;\"><span style=\"font-family: Arial, sans-serif;\"><span style=\"font-size: medium;\"><i>\u2022 Habitat de survie pour une soci\u00e9t\u00e9 d'autoroutes<br \/>\n<\/i><\/span><\/span><\/span><\/span><\/span><span style=\"color: #000000;\"><span style=\"font-family: Frutiger-LightCn;\"><span style=\"font-size: small;\"><span style=\"font-family: Arial, sans-serif;\"><span style=\"font-size: medium;\"><i>\u2022 Urbanisation de fonds marins \u00e0 Monaco<br \/>\n<\/i><\/span><\/span><\/span><\/span><\/span><span style=\"color: #000000;\"><span style=\"font-family: Frutiger-LightCn;\"><span style=\"font-size: small;\"><span style=\"font-family: Arial, sans-serif;\"><span style=\"font-size: medium;\"><i>\u2022 Si\u00e8ges \u00e9jectables pour h\u00e9licopt\u00e8res<br \/>\n<\/i><\/span><\/span><\/span><\/span><\/span><i style=\"font-family: Arial, sans-serif; color: #000000;\">\u2022 Applis pour wraps arty<br \/>\n<\/i><span style=\"color: #000000;\"><span style=\"font-family: Frutiger-LightCn;\"><span style=\"font-size: small;\"><span style=\"font-family: Arial, sans-serif;\"><span style=\"font-size: medium;\"><i>\u2022 Cr\u00e9ation d\u2019espaces de questionnement performants<\/i><\/span><\/span><\/span><\/span><\/span><\/p>\n<p align=\"JUSTIFY\"><span style=\"color: #000000;\"><span style=\"font-family: Frutiger-LightCn;\"><span style=\"font-size: small;\"><span style=\"font-family: Arial, sans-serif;\"><span style=\"font-size: medium;\">Quelques mois plus tard, la n\u00e9buleuse devient une \"<\/span><\/span><span style=\"font-family: Arial, sans-serif;\"><span style=\"font-size: medium;\"><i>Factory<\/i><\/span><\/span><span style=\"font-family: Arial, sans-serif;\"><span style=\"font-size: medium;\">\" regroupant des unit\u00e9s de plus en plus ind\u00e9pendantes, s\u00e9par\u00e9es par plusieurs centaines de kilom\u00e8tres, g\u00e9r\u00e9s par IA et utilisant des syst\u00e8mes d'\u00e9criture diff\u00e9rents.<\/span><\/span><\/span><\/span><\/span><\/p>\n<p align=\"JUSTIFY\"><span style=\"color: #000000;\"><span style=\"font-family: Frutiger-LightCn;\"><span style=\"font-size: small;\"><span style=\"font-family: Arial, sans-serif;\"><span style=\"font-size: medium;\">C\u00e9dant alors aux pri\u00e8res d'une sous entit\u00e9, la \"<\/span><\/span><span style=\"font-family: Arial, sans-serif;\"><span style=\"font-size: medium;\"><i>Lelli Architectes Britney's church<\/i><\/span><\/span><span style=\"font-family: Arial, sans-serif;\"><span style=\"font-size: medium;\">\", harass\u00e9s sur Tiktok par des clyst\u00e8res l\u00e9gislatifs, et faute de trouver des circonstances att\u00e9nuantes \u00e0 certains projets, Kleopatra et Jean-Wilfrid d\u00e9cident de fermer leur site Wikip\u00e9dia, de supprimer leurs r\u00e9pliquants ill\u00e9gaux, de changer d'apparence physique, d'identit\u00e9, et de s'appeler Dominique et Giovanni Lelli.<\/span><\/span><\/span><\/span><\/span><\/p>\n<\/div>\n<\/div><\/div><\/div><\/div><\/div><\/div><\/div>","protected":false},"excerpt":{"rendered":"<p>Jean-Wilfrid Botulinski et Kleopatra Oremus se rencontrent fortuitement, lors d&rsquo;un stage inventif de Krav chamanique. En cellule de d\u00e9grisement, ils d\u00e9cident de mettre sur pied une association furtive\u00a0\/ financ\u00e9e par crowfunding pour r\u00e9enchanter les th\u00e8mes f\u00e9d\u00e9rateurs suivants\u00a0: \u2022 L&rsquo;eau, la terre, le feu \u2022 Progr\u00e8s technologique et happy hours \u2022 Algorythmes sociaux et coagulation du [&hellip;]<\/p>\n","protected":false},"author":1,"featured_media":0,"parent":0,"menu_order":6,"comment_status":"closed","ping_status":"closed","template":"","meta":{"footnotes":""},"class_list":["post-607","page","type-page","status-publish","hentry","post"],"_links":{"self":[{"href":"https:\/\/www.lelli-architectes.com\/index.php\/wp-json\/wp\/v2\/pages\/607","targetHints":{"allow":["GET"]}}],"collection":[{"href":"https:\/\/www.lelli-architectes.com\/index.php\/wp-json\/wp\/v2\/pages"}],"about":[{"href":"https:\/\/www.lelli-architectes.com\/index.php\/wp-json\/wp\/v2\/types\/page"}],"author":[{"embeddable":true,"href":"https:\/\/www.lelli-architectes.com\/index.php\/wp-json\/wp\/v2\/users\/1"}],"replies":[{"embeddable":true,"href":"https:\/\/www.lelli-architectes.com\/index.php\/wp-json\/wp\/v2\/comments?post=607"}],"version-history":[{"count":80,"href":"https:\/\/www.lelli-architectes.com\/index.php\/wp-json\/wp\/v2\/pages\/607\/revisions"}],"predecessor-version":[{"id":611,"href":"https:\/\/www.lelli-architectes.com\/index.php\/wp-json\/wp\/v2\/pages\/607\/revisions\/611"}],"wp:attachment":[{"href":"https:\/\/www.lelli-architectes.com\/index.php\/wp-json\/wp\/v2\/media?parent=607"}],"curies":[{"name":"wp","href":"https:\/\/api.w.org\/{rel}","templated":true}]}}